{"id":11309,"date":"2025-01-26T05:48:11","date_gmt":"2025-01-26T05:48:11","guid":{"rendered":"https:\/\/medicoeste.com\/?page_id=11309"},"modified":"2025-11-04T19:02:45","modified_gmt":"2025-11-04T19:02:45","slug":"turismo-de-salud","status":"publish","type":"page","link":"https:\/\/medicoeste.com\/es\/turismo-de-salud\/","title":{"rendered":"Turismo De Salud"},"content":{"rendered":"\t\t<div data-elementor-type=\"wp-page\" data-elementor-id=\"11309\" class=\"elementor elementor-11309\">\n\t\t\t\t\t\t<section class=\"elementor-section elementor-top-section elementor-element elementor-element-305005c4 elementor-section-height-min-height elementor-section-boxed elementor-section-height-default elementor-section-items-middle default\" data-id=\"305005c4\" data-element_type=\"section\">\n\t\t\t\t\t\t<div class=\"elementor-container elementor-column-gap-wider\">\n\t\t\t\t\t<div class=\"elementor-column elementor-col-100 elementor-top-column elementor-element elementor-element-e509f9b\" data-id=\"e509f9b\" data-element_type=\"column\">\n\t\t\t<div class=\"elementor-widget-wrap elementor-element-populated\">\n\t\t\t\t\t\t<div class=\"elementor-element elementor-element-792dbabc animated-fast elementor-widget elementor-widget-heading\" data-id=\"792dbabc\" data-element_type=\"widget\" data-settings=\"{&quot;_animation&quot;:&quot;none&quot;,&quot;_animation_delay&quot;:0}\" data-widget_type=\"heading.default\">\n\t\t\t\t<div class=\"elementor-widget-container\">\n\t\t\t\t\t<h2 class=\"elementor-heading-title elementor-size-default\">Turqu\u00eda, la capital de la cirug\u00eda pl\u00e1stica<\/h2>\t\t\t\t<\/div>\n\t\t\t\t<\/div>\n\t\t\t\t<div class=\"elementor-element elementor-element-eff4a19 elementor-widget elementor-widget-image\" data-id=\"eff4a19\" data-element_type=\"widget\" data-widget_type=\"image.default\">\n\t\t\t\t<div class=\"elementor-widget-container\">\n\t\t\t\t\t\t\t\t\t\t\t\t\t\t\t<img decoding=\"async\" src=\"https:\/\/medicoeste.com\/es\/wp-content\/uploads\/elementor\/thumbs\/Turkiye-scaled-re82fi35btl6bkkoepstoca282xzw022jugcur6vxo.jpg\" title=\"T\u00fcrkiye\" alt=\"T\u00fcrkiye\" loading=\"lazy\" \/>\t\t\t\t\t\t\t\t\t\t\t\t\t\t\t<\/div>\n\t\t\t\t<\/div>\n\t\t\t\t<div class=\"elementor-element elementor-element-1d4fd626 elementor-widget-divider--view-line elementor-invisible elementor-widget elementor-widget-divider\" data-id=\"1d4fd626\" data-element_type=\"widget\" data-settings=\"{&quot;_animation&quot;:&quot;fadeInLeft&quot;,&quot;_animation_delay&quot;:400}\" data-widget_type=\"divider.default\">\n\t\t\t\t<div class=\"elementor-widget-container\">\n\t\t\t\t\t\t\t<div class=\"elementor-divider\">\n\t\t\t<span class=\"elementor-divider-separator\">\n\t\t\t\t\t\t<\/span>\n\t\t<\/div>\n\t\t\t\t\t\t<\/div>\n\t\t\t\t<\/div>\n\t\t\t\t<div class=\"elementor-element elementor-element-54fdef23 elementor-widget elementor-widget-text-editor\" data-id=\"54fdef23\" data-element_type=\"widget\" data-settings=\"{&quot;_animation&quot;:&quot;none&quot;,&quot;_animation_delay&quot;:600}\" data-widget_type=\"text-editor.default\">\n\t\t\t\t<div class=\"elementor-widget-container\">\n\t\t\t\t\t\t\t\t\t<p>Turqu\u00eda se est\u00e1 haciendo cada vez m\u00e1s un nombre en todo el mundo gracias a su \u00e9xito en cirug\u00edas est\u00e9ticas. Como marca global en turismo est\u00e9tico, contin\u00faa acogiendo visitantes de casi todos los pa\u00edses.<\/p><p>Ofrece a sus visitantes oportunidades incomparables en el mundo, especialmente con su tecnolog\u00eda avanzada, cirujanos j\u00f3venes talentosos, cl\u00ednicas completamente equipadas, caracter\u00edsticas hist\u00f3ricas que datan de siglos atr\u00e1s, magn\u00edfica belleza natural, cultura cosmopolita y rica gastronom\u00eda.<\/p><p>Miles de personas visitan nuestro pa\u00eds cada a\u00f1o para someterse a cirug\u00edas est\u00e9ticas con trasplante de cabello, est\u00e9tica dental, opciones de operaciones est\u00e9ticas quir\u00fargicas y no quir\u00fargicas. Ambos se deshacen de sus problemas est\u00e9ticos y se van de viajes tur\u00edsticos.<\/p><p>Seg\u00fan los \u00faltimos datos de turismo publicados, 60.000 personas vinieron a Turqu\u00eda para someterse a trasplantes de cabello el a\u00f1o pasado. Esta cifra indica un ej\u00e9rcito tur\u00edstico de aproximadamente 5 mil personas, que contin\u00faa aumentando regularmente. Los turistas que acuden en masa a Turqu\u00eda generalmente no provienen de un solo pa\u00eds; La mayor\u00eda son de Italia, Espa\u00f1a, Francia, Rusia, Inglaterra y, m\u00e1s recientemente, Estados Unidos.<\/p>\t\t\t\t\t\t\t\t<\/div>\n\t\t\t\t<\/div>\n\t\t\t\t<div class=\"elementor-element elementor-element-d7cda7f elementor-widget elementor-widget-heading\" data-id=\"d7cda7f\" data-element_type=\"widget\" data-widget_type=\"heading.default\">\n\t\t\t\t<div class=\"elementor-widget-container\">\n\t\t\t\t\t<h2 class=\"elementor-heading-title elementor-size-default\">Entonces, \u00bfcu\u00e1les son los criterios que hacen de nuestro pa\u00eds la capital de la cirug\u00eda pl\u00e1stica?\n<\/h2>\t\t\t\t<\/div>\n\t\t\t\t<\/div>\n\t\t\t\t<div class=\"elementor-element elementor-element-4e29d31 elementor-widget elementor-widget-text-editor\" data-id=\"4e29d31\" data-element_type=\"widget\" data-settings=\"{&quot;_animation&quot;:&quot;none&quot;,&quot;_animation_delay&quot;:600}\" data-widget_type=\"text-editor.default\">\n\t\t\t\t<div class=\"elementor-widget-container\">\n\t\t\t\t\t\t\t\t\t<p>Seg\u00fan una investigaci\u00f3n, si bien el precio de un trasplante de cabello de 4.000 injertos en Turqu\u00eda es muy asequible, la misma cantidad de trasplante de cabello en los EE. UU. puede costar tres veces el precio en Turqu\u00eda. Esto significa que incluso si una persona que tiene un problema de p\u00e9rdida de cabello en los EE. UU. vuela a nuestro pa\u00eds, se hace un trasplante de cabello, viaja durante un mes y luego regresa a los EE. UU., a\u00fan puede ahorrar una cantidad significativa de dinero.<\/p><p>El secreto del \u00e9xito de Turqu\u00eda no es s\u00f3lo su pol\u00edtica de precios asequibles, sino tambi\u00e9n su nivel de experiencia y capacidades tecnol\u00f3gicas. Nuestros cirujanos siguen los \u00faltimos avances en tecnolog\u00eda y dan a conocer el nombre de nuestro pa\u00eds en todo el mundo con sus exitosas aplicaciones.<\/p><p>En el proceso de convertirnos en una marca global, han contribuido mucho tanto nuestros ciudadanos turcos que llegan a nuestro pa\u00eds desde el extranjero como nuestros pacientes extranjeros que est\u00e1n muy satisfechos con sus operaciones de est\u00e9tica capilar. Nuestros ciudadanos que viven en diversas partes del mundo cuentan a sus conocidos y amigos sobre los servicios est\u00e9ticos asequibles y de alta calidad en Turqu\u00eda. De esta forma, T\u00fcrkiye comienza a expandirse al mundo como marca en el \u00e1mbito de las cirug\u00edas est\u00e9ticas. Actualmente, muchas empresas europeas organizan viajes m\u00e9dicos en Estambul. Adem\u00e1s, las oportunidades de vacaciones flexibles que ofrece nuestro pa\u00eds pueden hacer que Estambul sea m\u00e1s atractiva para los estadounidenses. Mientras pueden realizarse sus procedimientos y disfrutar de la ciudad, tambi\u00e9n est\u00e1n cerca de sus cirujanos en caso de cualquier necesidad.<\/p><p>En resumen, nuestro pa\u00eds merece plenamente ser la capital de la cirug\u00eda pl\u00e1stica con las oportunidades de tratamiento de calidad que ofrece. Seguiremos siendo uno de los pocos pa\u00edses del mundo en turismo de salud a medida que aumente el n\u00famero de pacientes una vez finalizado el per\u00edodo de pandemia. Porque lo merecemos.<\/p><p>Coordinadora de Est\u00e9tica Lale KAYA<\/p>\t\t\t\t\t\t\t\t<\/div>\n\t\t\t\t<\/div>\n\t\t\t\t\t<\/div>\n\t\t<\/div>\n\t\t\t\t\t<\/div>\n\t\t<\/section>\n\t\t\t\t<\/div>\n\t\t","protected":false},"excerpt":{"rendered":"<p>Turqu\u00eda, la capital de la cirug\u00eda pl\u00e1stica Turqu\u00eda se est\u00e1 haciendo cada vez m\u00e1s un nombre en todo el mundo gracias a su \u00e9xito en cirug\u00edas est\u00e9ticas. Como marca global en turismo est\u00e9tico, contin\u00faa acogiendo visitantes de casi todos los pa\u00edses. Ofrece a sus visitantes oportunidades incomparables en el mundo, especialmente con su tecnolog\u00eda avanzada, [&hellip;]<\/p>\n","protected":false},"author":1,"featured_media":0,"parent":0,"menu_order":0,"comment_status":"closed","ping_status":"closed","template":"","meta":{"_acf_changed":false,"footnotes":""},"class_list":["post-11309","page","type-page","status-publish","hentry"],"acf":[],"_links":{"self":[{"href":"https:\/\/medicoeste.com\/es\/wp-json\/wp\/v2\/pages\/11309"}],"collection":[{"href":"https:\/\/medicoeste.com\/es\/wp-json\/wp\/v2\/pages"}],"about":[{"href":"https:\/\/medicoeste.com\/es\/wp-json\/wp\/v2\/types\/page"}],"author":[{"embeddable":true,"href":"https:\/\/medicoeste.com\/es\/wp-json\/wp\/v2\/users\/1"}],"replies":[{"embeddable":true,"href":"https:\/\/medicoeste.com\/es\/wp-json\/wp\/v2\/comments?post=11309"}],"version-history":[{"count":27,"href":"https:\/\/medicoeste.com\/es\/wp-json\/wp\/v2\/pages\/11309\/revisions"}],"predecessor-version":[{"id":11754,"href":"https:\/\/medicoeste.com\/es\/wp-json\/wp\/v2\/pages\/11309\/revisions\/11754"}],"wp:attachment":[{"href":"https:\/\/medicoeste.com\/es\/wp-json\/wp\/v2\/media?parent=11309"}],"curies":[{"name":"wp","href":"https:\/\/api.w.org\/{rel}","templated":true}]}}